{"id":3766,"date":"2022-01-31T17:42:52","date_gmt":"2022-01-31T16:42:52","guid":{"rendered":"https:\/\/www.mtdg.es\/diciembre\/?page_id=3766"},"modified":"2025-10-04T18:03:18","modified_gmt":"2025-10-04T16:03:18","slug":"condiciones-de-venta","status":"publish","type":"page","link":"https:\/\/www.mtdg.es\/diciembre\/condiciones-de-venta\/","title":{"rendered":"Condiciones de venta"},"content":{"rendered":"\n<h2 class=\"wp-block-heading\" id=\"identificacion-y-titularidad\">Identificaci\u00f3n y Titularidad<\/h2>\n\n\n\n<p>En cumplimiento del art\u00edculo 10 de la Ley 34\/2002, de 11 de julio, de Servicios de la Sociedad de la Informaci\u00f3n y Comercio Electr\u00f3nico, el Titular expone sus datos identificativos:<\/p>\n\n\n\n<ul class=\"wp-block-list\">\n<li><strong>Titular:<\/strong>&nbsp; YU TRAVEL DESTINATION, S.A..<\/li>\n\n\n\n<li><strong>NIF:<\/strong>&nbsp;A78588464<br>Inscrita en el registro mercantil de Madrid, tomo 8063, libro , secci\u00f3n 8, folio 168, hoja M-28073, inscripci\u00f3n .<\/li>\n\n\n\n<li><strong>Domicilio:<\/strong>&nbsp; Plaza Clemencio Fern\u00e1ndez Pulido 3 &#8211; 36630 Cambados, Pontevedra &#8211; Espa\u00f1a.<\/li>\n\n\n\n<li><strong>Correo electr\u00f3nico:<\/strong>&nbsp; mlema@yutravel.es<\/li>\n\n\n\n<li><strong>Tel\u00e9fono de contacto:<\/strong>&nbsp; 986 91 90 90<\/li>\n\n\n\n<li><strong>Sitio Web:<\/strong>&nbsp; <a href=\"https:\/\/www.mtdg.es\/diciembre\">https:\/\/www.mtdg.es\/diciembre<\/a><\/li>\n<\/ul>\n\n\n\n<h2 class=\"wp-block-heading\" id=\"finalidad\">Finalidad<\/h2>\n\n\n\n<p>La finalidad del Sitio Web es: Eventos de golf.<\/p>\n\n\n\n<h2 class=\"wp-block-heading\" id=\"condiciones-de-venta\">Condiciones de venta<\/h2>\n\n\n\n<p><strong>Confirmaci\u00f3n de reserva:<\/strong><\/p>\n\n\n\n<p>Para la reserva de plaza es necesario el pago de 165 \u20ac por persona, no siendo efectiva la reserva hasta la recepci\u00f3n de dicho importe\u00a0por parte de Viajes YuTravel.<\/p>\n\n\n\n<p>Dicho pago ser\u00e1 efectuado a trav\u00e9s de la pasarela de pago seguro indicada en el enlace de inscripci\u00f3n.<\/p>\n\n\n\n<p>Para el pago del importe restante del paquete, Viajes YuTravel contactar\u00e1 con cada asistente.<\/p>\n\n\n\n<p><strong>Pol\u00edtica de cancelaci\u00f3n:<\/strong><\/p>\n\n\n\n<p>Cancelaci\u00f3n por libre desistimiento hasta <strong>30 d\u00edas antes del inicio del evento<\/strong>, no supondr\u00e1 ninguna penalizaci\u00f3n para el cliente, siendo reembolsado el importe total del dep\u00f3sito recibido.<\/p>\n\n\n\n<p>Cancelaci\u00f3n&nbsp;<strong>entre 30 y 15 d\u00edas antes del evento<\/strong>, conllevar\u00e1 una penalizaci\u00f3n de 150 \u20ac.<\/p>\n\n\n\n<p>Cancelaci\u00f3n&nbsp;<strong>entre 14 d\u00edas y 1 d\u00eda antes del evento<\/strong>, supondr\u00e1 la p\u00e9rdida del pago efectuado, excepto en caso de causa justificada, y previa aprobaci\u00f3n por la Organizaci\u00f3n.<\/p>\n\n\n\n<p>La compra a trav\u00e9s del presente Sitio Web implica de manera expl\u00edcita la aceptaci\u00f3n de las cl\u00e1usulas y condiciones de uso incluidas en las p\u00e1ginas:<\/p>\n\n\n\n<ul class=\"wp-block-list\">\n<li><a href=\"https:\/\/www.mtdg.es\/aviso-legal\/\">Aviso Legal<\/a><\/li>\n\n\n\n<li><a href=\"https:\/\/www.mtdg.es\/politica-de-privacidad\/\">Pol\u00edtica de Privacidad<\/a><\/li>\n\n\n\n<li><a href=\"https:\/\/www.mtdg.es\/politica-de-cookies\/\">Pol\u00edtica de Cookies<\/a><\/li>\n<\/ul>\n\n\n\n<p>Si no estuviera conforme con todas y cada una de estas cl\u00e1usulas y condiciones abst\u00e9ngase de utilizar el Sitio Web.<\/p>\n","protected":false},"excerpt":{"rendered":"<p>Identificaci\u00f3n y Titularidad En cumplimiento del art\u00edculo 10 de la Ley 34\/2002, de 11 de julio, de Servicios de la Sociedad de la Informaci\u00f3n y Comercio Electr\u00f3nico, el Titular expone sus datos identificativos: Finalidad La finalidad del Sitio Web es: Eventos de golf. Condiciones de venta Confirmaci\u00f3n de reserva: Para la reserva de plaza es&#8230;<\/p>\n","protected":false},"author":1,"featured_media":0,"parent":0,"menu_order":0,"comment_status":"closed","ping_status":"closed","template":"","meta":{"_monsterinsights_skip_tracking":false,"_monsterinsights_sitenote_active":false,"_monsterinsights_sitenote_note":"","_monsterinsights_sitenote_category":0,"footnotes":""},"class_list":["post-3766","page","type-page","status-publish","hentry"],"aioseo_notices":[],"_links":{"self":[{"href":"https:\/\/www.mtdg.es\/diciembre\/wp-json\/wp\/v2\/pages\/3766","targetHints":{"allow":["GET"]}}],"collection":[{"href":"https:\/\/www.mtdg.es\/diciembre\/wp-json\/wp\/v2\/pages"}],"about":[{"href":"https:\/\/www.mtdg.es\/diciembre\/wp-json\/wp\/v2\/types\/page"}],"author":[{"embeddable":true,"href":"https:\/\/www.mtdg.es\/diciembre\/wp-json\/wp\/v2\/users\/1"}],"replies":[{"embeddable":true,"href":"https:\/\/www.mtdg.es\/diciembre\/wp-json\/wp\/v2\/comments?post=3766"}],"version-history":[{"count":11,"href":"https:\/\/www.mtdg.es\/diciembre\/wp-json\/wp\/v2\/pages\/3766\/revisions"}],"predecessor-version":[{"id":4949,"href":"https:\/\/www.mtdg.es\/diciembre\/wp-json\/wp\/v2\/pages\/3766\/revisions\/4949"}],"wp:attachment":[{"href":"https:\/\/www.mtdg.es\/diciembre\/wp-json\/wp\/v2\/media?parent=3766"}],"curies":[{"name":"wp","href":"https:\/\/api.w.org\/{rel}","templated":true}]}}